{"id":988560,"date":"2025-05-06T01:44:46","date_gmt":"2025-05-06T01:44:46","guid":{"rendered":"https:\/\/8bit.edu.vn\/?post_type=product&#038;p=988560"},"modified":"2025-05-06T01:44:46","modified_gmt":"2025-05-06T01:44:46","slug":"bo-lego-500-chi-tiet","status":"publish","type":"product","link":"https:\/\/8bit.edu.vn\/?product=bo-lego-500-chi-tiet","title":{"rendered":"B\u1ed9 lego 500 chi ti\u1ebft"},"content":{"rendered":"<p class=\"QN2lPu\">\u0110\u1ed3 ch\u01a1i logo l\u1eafp r\u00e1p t\u00fai 500 chi ti\u1ebft mang l\u1ea1i nh\u1eefng l\u1ee3i \u00edch cho b\u00e9 nh\u01b0:<\/p>\n<p class=\"QN2lPu\">&#8211; Ph\u00e1t huy t\u1ed1i \u0111a kh\u1ea3 n\u0103ng s\u00e1ng t\u1ea1o c\u1ee7a b\u00e9, b\u00e9 c\u00f3 th\u1ec3 th\u1ecfa th\u00edch s\u00e1ng t\u1ea1o nh\u1eefng h\u00ecnh th\u00f9 m\u00ecnh mu\u1ed1n<\/p>\n<p class=\"QN2lPu\">&#8211; Gi\u00fap b\u00e9 tr\u1edf n\u00ean ki\u00ean nh\u1eabn h\u01a1n<\/p>\n<p class=\"QN2lPu\">&#8211; Gi\u00fap b\u00e9 r\u00e8n luy\u1ec7n s\u1ef1 kh\u00e9o l\u00e9o, t\u0103ng kh\u1ea3 n\u0103ng ph\u1ed1i h\u1ee3p gi\u1eefa tay v\u00e0 m\u1eaft<\/p>\n<p class=\"QN2lPu\">&#8211; Gi\u00fap b\u00e9 h\u1ecdc c\u00e1ch l\u00e0m vi\u1ec7c nh\u00f3m, tinh th\u1ea7n \u0111\u1ed3ng \u0111\u1ed9i n\u1ebfu ch\u01a1i c\u00f9ng b\u00e1c b\u1ea1n nh\u1ecf kh\u00e1c<\/p>\n<p class=\"QN2lPu\">Th\u00f4ng tin:<\/p>\n<p class=\"QN2lPu\">&#8211; T\u00ean: \u0110\u1ed3 ch\u01a1i logo l\u1eafp r\u00e1p cho b\u00e9 t\u0103ng kh\u1ea3 n\u0103ng th\u00f4ng minh, s\u00e1ng t\u1ea1o cho tr\u1ebb<\/p>\n<p class=\"QN2lPu\">&#8211; Ch\u1ea5t li\u1ec7u: Nh\u1ef1a cao c\u1ea5p th\u00e2n thi\u1ec7n v\u1edbi m\u00f4i tr\u01b0\u1eddng. Kh\u00f4ng \u0111\u1ed9c h\u1ea1i, kh\u00f4ng v\u1ecb, b\u1ec1 m\u1eb7t nh\u1eb5n<\/p>\n<p class=\"QN2lPu\">&#8211; \u0110\u1ed1i t\u01b0\u1ee3ng: D\u1ec5 d\u00e0ng s\u1eed d\u1ee5ng, n\u00f3 l\u00e0 s\u1ef1 l\u1ef1a ch\u1ecdn t\u1ed1t nh\u1ea5t cho c\u00e1c tr\u01b0\u1eddng m\u1eabu gi\u00e1o, trung t\u00e2m gi\u00e1o d\u1ee5c s\u1edbm v\u00e0 c\u00e1c ho\u1ea1t \u0111\u1ed9ng gia \u0111\u00ecnh gi\u1eefa cha m\u1eb9 v\u00e0 con c\u00e1i<\/p>\n<p class=\"QN2lPu\">&#8211; T\u00ednh n\u0103ng: Kh\u00f4ng c\u00f3 m\u00f9i \u0111\u1eb7c bi\u1ec7t. B\u1ec1 m\u1eb7t nh\u1eb5n kh\u00f4ng l\u00e0m \u0111au tay<\/p>\n<p class=\"QN2lPu\">&#8211; S\u1ed1 mi\u1ebfng gh\u00e9p: 500 mi\u1ebfng<\/p>\n","protected":false},"excerpt":{"rendered":"<ul>\n<li>\u0110\u1ed9c \u0111\u00e1o<\/li>\n<li>An to\u00e0n<\/li>\n<li>S\u00e1ng t\u1ea1o<\/li>\n<\/ul>\n","protected":false},"featured_media":988561,"comment_status":"closed","ping_status":"closed","template":"","meta":[],"product_brand":[],"product_cat":[59],"product_tag":[],"class_list":{"0":"post-988560","1":"product","2":"type-product","3":"status-publish","4":"has-post-thumbnail","6":"product_cat-uncategorized","8":"first","9":"instock","10":"sale","11":"shipping-taxable","12":"purchasable","13":"product-type-simple"},"_links":{"self":[{"href":"https:\/\/8bit.edu.vn\/index.php?rest_route=\/wp\/v2\/product\/988560","targetHints":{"allow":["GET"]}}],"collection":[{"href":"https:\/\/8bit.edu.vn\/index.php?rest_route=\/wp\/v2\/product"}],"about":[{"href":"https:\/\/8bit.edu.vn\/index.php?rest_route=\/wp\/v2\/types\/product"}],"replies":[{"embeddable":true,"href":"https:\/\/8bit.edu.vn\/index.php?rest_route=%2Fwp%2Fv2%2Fcomments&post=988560"}],"wp:featuredmedia":[{"embeddable":true,"href":"https:\/\/8bit.edu.vn\/index.php?rest_route=\/wp\/v2\/media\/988561"}],"wp:attachment":[{"href":"https:\/\/8bit.edu.vn\/index.php?rest_route=%2Fwp%2Fv2%2Fmedia&parent=988560"}],"wp:term":[{"taxonomy":"product_brand","embeddable":true,"href":"https:\/\/8bit.edu.vn\/index.php?rest_route=%2Fwp%2Fv2%2Fproduct_brand&post=988560"},{"taxonomy":"product_cat","embeddable":true,"href":"https:\/\/8bit.edu.vn\/index.php?rest_route=%2Fwp%2Fv2%2Fproduct_cat&post=988560"},{"taxonomy":"product_tag","embeddable":true,"href":"https:\/\/8bit.edu.vn\/index.php?rest_route=%2Fwp%2Fv2%2Fproduct_tag&post=988560"}],"curies":[{"name":"wp","href":"https:\/\/api.w.org\/{rel}","templated":true}]}}