{"id":988556,"date":"2025-05-05T05:03:34","date_gmt":"2025-05-05T05:03:34","guid":{"rendered":"https:\/\/8bit.edu.vn\/?post_type=product&#038;p=988556"},"modified":"2025-05-05T05:03:34","modified_gmt":"2025-05-05T05:03:34","slug":"lego-wedo-2-0","status":"publish","type":"product","link":"https:\/\/8bit.edu.vn\/?product=lego-wedo-2-0","title":{"rendered":"Lego wedo 2.0"},"content":{"rendered":"<p class=\"QN2lPu\">[\u0110\u1ed3 Ch\u01a1i T\u01b0\u01a1ng Th\u00edch Wedo 2.0 L\u1eafp R\u00e1p Robot Th\u00f4ng Minh C\u00f3 L\u1eadp Tr\u00ecnh Education Milo 45300]\n<p class=\"QN2lPu\">\u0110\u1ed3 Ch\u01a1i L\u1eafp R\u00e1p Robot Th\u00f4ng Minh C\u00f3 L\u1eadp Tr\u00ecnh S\u1ea3n ph\u1ea9m \u0111\u01b0\u1ee3c nhi\u1ec1u chuy\u00ean gia gi\u00e1o d\u1ee5c khuy\u00ean d\u00f9ng cho b\u00e9 t\u1eeb 7 tu\u1ed5i tr\u1edf l\u00ean. B\u1ed9 s\u1ea3n ph\u1ea9m gi\u00fap b\u00e9 t\u0103ng kh\u1ea3 n\u0103ng s\u00e1ng t\u1ea1o, h\u1ed7 tr\u1ee3 vi\u1ec7c h\u1ecdc t\u1eadp c\u1ee7a b\u00e9 m\u1ed9t c\u00e1ch hi\u1ec7u qu\u1ea3.<\/p>\n<p class=\"QN2lPu\">L\u1ee2I \u00cdCH C\u1ee6A B\u1ed8 \u0110\u1ed2 CH\u01a0I<\/p>\n<p class=\"QN2lPu\">1. Gi\u00fap b\u00e9 h\u1ecdc t\u1eadp hi\u1ec7u qu\u1ea3 h\u01a1n, y\u00eau th\u00edch khoa h\u1ecdc h\u01a1n<\/p>\n<p class=\"QN2lPu\">2. Mang \u0111\u1ebfn cho b\u00e9 nh\u1eefng b\u00e0i h\u1ecdc v\u1ec1 m\u00f4n khoa h\u1ecdc t\u1ef1 nhi\u00ean, \u0111\u01b0\u1ee3c thi\u1ebft k\u1ebf g\u1ea7n g\u0169i d\u1ef1a tr\u00ean nh\u1eefng t\u00ecn hu\u1ed1ng trong cu\u1ed9c s\u1ed1ng, gi\u00fap b\u00e9 kh\u00f4ng b\u1ecb nh\u00e0m ch\u00e1n \u0111\u1ed3ng th\u1eddi c\u00f3 th\u1ec3 \u1ee9ng d\u1ee5ng \u0111\u1ec3 gi\u1ea3i quy\u1ebft nh\u1eefng v\u1ea5n \u0111\u1ec1 trong th\u1ef1c t\u1ebf.<\/p>\n<p class=\"QN2lPu\">Gi\u1ea3i ph\u00e1p \u0111\u1ed9c \u0111\u00e1o k\u1ebft h\u1ee3p gi\u1eefa c\u00e1c chi ti\u1ebft v\u00e0 ph\u1ea7n m\u1ec1m c\u00f3 th\u1ec3 thi\u1ebft k\u1ebf n\u00ean nh\u1eefng m\u00f4 h\u00ecnh r\u00f4 b\u1ed1t chuy\u1ec3n \u0111\u1ed9ng, c\u00f3 \u00e2m thanh v\u00e0 c\u00f3 th\u1ec3 th\u1ef1c hi\u1ec7n nh\u1eefng y\u00eau c\u1ea7u \u0111\u01a1n gi\u1ea3n. Gi\u00fap b\u00e9 ph\u00e1t tri\u1ec3n k\u1ef9 n\u0103ng l\u1eadp tr\u00ecnh c\u0103n b\u1ea3n.<\/p>\n<p class=\"QN2lPu\">Gi\u00fap b\u00e9 t\u0103ng kh\u1ea3 n\u0103ng s\u00e1ng t\u1ea1o, tr\u00ed th\u00f4ng minh, s\u1ef1 kh\u00e9o l\u00e9o<\/p>\n<p class=\"QN2lPu\">3. Kh\u00f4ng ch\u1ec9 l\u00e0 m\u00f3n \u0111\u1ed3 ch\u01a1i gi\u1ea3i tr\u00ed \u0111\u01a1n thu\u1ea7n m\u00e0 c\u00f2n gi\u00fap b\u00e9 ph\u00e1t tri\u1ec3n t\u01b0 duy logic, \u00f3c s\u00e1ng t\u1ea1o, s\u1ef1 k\u1ebft h\u1ee3p v\u1eadn \u0111\u1ed9ng tay m\u1eaft c\u1ee7a b\u00e9 trong qu\u00e1 tr\u00ecnh l\u1eafp r\u00e1p \u0111\u1ed3 ch\u01a1i.<\/p>\n<p class=\"QN2lPu\">4. Gi\u00fap b\u00e9 t\u0103ng kh\u1ea3 n\u0103ng giao ti\u1ebfp, ph\u1ea3n bi\u1ec7n.Trong qu\u00e1 tr\u00ecnh l\u1eafp r\u00e1p c\u00f9ng b\u1ea1n b\u00e8, b\u00e9 s\u1ebd h\u1ecdc \u0111\u01b0\u1ee3c c\u00e1ch giao ti\u1ebfp, th\u1ecfa hi\u1ec7p v\u00e0 ph\u1ea3n bi\u1ec7n \u0111\u1ec3 c\u00f9ng h\u1ee3p t\u00e1c t\u1ea1o n\u00ean t\u00e1c ph\u1ea9m chung. T\u0103ng c\u01b0\u1eddng cho b\u00e9 kh\u1ea3 n\u0103ng l\u00e0m vi\u1ec7c nh\u00f3m hi\u1ec7u qu\u1ea3<\/p>\n","protected":false},"excerpt":{"rendered":"<ul>\n<li>Th\u00f4ng minh<\/li>\n<li>C\u00f4ng ngh\u1ec7<\/li>\n<li>S\u00e1ng t\u1ea1o<\/li>\n<\/ul>\n","protected":false},"featured_media":988557,"comment_status":"closed","ping_status":"closed","template":"","meta":[],"product_brand":[],"product_cat":[59],"product_tag":[],"class_list":{"0":"post-988556","1":"product","2":"type-product","3":"status-publish","4":"has-post-thumbnail","6":"product_cat-uncategorized","8":"first","9":"instock","10":"sale","11":"shipping-taxable","12":"purchasable","13":"product-type-simple"},"_links":{"self":[{"href":"https:\/\/8bit.edu.vn\/index.php?rest_route=\/wp\/v2\/product\/988556","targetHints":{"allow":["GET"]}}],"collection":[{"href":"https:\/\/8bit.edu.vn\/index.php?rest_route=\/wp\/v2\/product"}],"about":[{"href":"https:\/\/8bit.edu.vn\/index.php?rest_route=\/wp\/v2\/types\/product"}],"replies":[{"embeddable":true,"href":"https:\/\/8bit.edu.vn\/index.php?rest_route=%2Fwp%2Fv2%2Fcomments&post=988556"}],"wp:featuredmedia":[{"embeddable":true,"href":"https:\/\/8bit.edu.vn\/index.php?rest_route=\/wp\/v2\/media\/988557"}],"wp:attachment":[{"href":"https:\/\/8bit.edu.vn\/index.php?rest_route=%2Fwp%2Fv2%2Fmedia&parent=988556"}],"wp:term":[{"taxonomy":"product_brand","embeddable":true,"href":"https:\/\/8bit.edu.vn\/index.php?rest_route=%2Fwp%2Fv2%2Fproduct_brand&post=988556"},{"taxonomy":"product_cat","embeddable":true,"href":"https:\/\/8bit.edu.vn\/index.php?rest_route=%2Fwp%2Fv2%2Fproduct_cat&post=988556"},{"taxonomy":"product_tag","embeddable":true,"href":"https:\/\/8bit.edu.vn\/index.php?rest_route=%2Fwp%2Fv2%2Fproduct_tag&post=988556"}],"curies":[{"name":"wp","href":"https:\/\/api.w.org\/{rel}","templated":true}]}}